{"id":10,"date":"2024-03-05T14:57:23","date_gmt":"2024-03-05T13:57:23","guid":{"rendered":"http:\/\/fiwc.pl\/?page_id=10"},"modified":"2024-03-10T15:49:41","modified_gmt":"2024-03-10T14:49:41","slug":"elementor-10","status":"publish","type":"page","link":"https:\/\/fiwc.pl\/","title":{"rendered":"GL\u00d3WNA"},"content":{"rendered":"\t\t<div data-elementor-type=\"wp-page\" data-elementor-id=\"10\" class=\"elementor elementor-10\">\n\t\t\t\t<div class=\"elementor-element elementor-element-5754e60 e-con-full e-flex e-con e-parent\" data-id=\"5754e60\" data-element_type=\"container\" data-core-v316-plus=\"true\">\n\t\t<div class=\"elementor-element elementor-element-be9a8e4 e-con-full e-flex e-con e-child\" data-id=\"be9a8e4\" data-element_type=\"container\">\n\t\t\t\t<div class=\"elementor-element elementor-element-c5ef0d6 elementor-hidden-desktop elementor-widget elementor-widget-heading\" data-id=\"c5ef0d6\" data-element_type=\"widget\" data-widget_type=\"heading.default\">\n\t\t\t\t<div class=\"elementor-widget-container\">\n\t\t\t<style>\/*! elementor - v3.20.0 - 20-03-2024 *\/\n.elementor-heading-title{padding:0;margin:0;line-height:1}.elementor-widget-heading .elementor-heading-title[class*=elementor-size-]>a{color:inherit;font-size:inherit;line-height:inherit}.elementor-widget-heading .elementor-heading-title.elementor-size-small{font-size:15px}.elementor-widget-heading .elementor-heading-title.elementor-size-medium{font-size:19px}.elementor-widget-heading .elementor-heading-title.elementor-size-large{font-size:29px}.elementor-widget-heading .elementor-heading-title.elementor-size-xl{font-size:39px}.elementor-widget-heading .elementor-heading-title.elementor-size-xxl{font-size:59px}<\/style><h2 class=\"elementor-heading-title elementor-size-default\">GL\u00d3WNA\n<\/h2>\t\t<\/div>\n\t\t\t\t<\/div>\n\t\t\t\t<div class=\"elementor-element elementor-element-9c52d14 elementor-widget elementor-widget-heading\" data-id=\"9c52d14\" data-element_type=\"widget\" data-widget_type=\"heading.default\">\n\t\t\t\t<div class=\"elementor-widget-container\">\n\t\t\t<h1 class=\"elementor-heading-title elementor-size-default\">Fundacja Instytut Wsparcia Cz\u0142owieka<\/h1>\t\t<\/div>\n\t\t\t\t<\/div>\n\t\t<div class=\"elementor-element elementor-element-3d560bd e-con-full elementor-hidden-desktop e-flex e-con e-child\" data-id=\"3d560bd\" data-element_type=\"container\">\n\t\t\t\t<div class=\"elementor-element elementor-element-57b9aee elementor-widget__width-inherit elementor-widget elementor-widget-image\" data-id=\"57b9aee\" data-element_type=\"widget\" data-widget_type=\"image.default\">\n\t\t\t\t<div class=\"elementor-widget-container\">\n\t\t\t<style>\/*! elementor - v3.20.0 - 20-03-2024 *\/\n.elementor-widget-image{text-align:center}.elementor-widget-image a{display:inline-block}.elementor-widget-image a img[src$=\".svg\"]{width:48px}.elementor-widget-image img{vertical-align:middle;display:inline-block}<\/style>\t\t\t\t\t\t\t\t\t\t<img fetchpriority=\"high\" decoding=\"async\" width=\"600\" height=\"539\" src=\"https:\/\/fiwc.pl\/wp-content\/uploads\/2024\/03\/\u0424\u043e\u0442\u043e.png\" class=\"attachment-large size-large wp-image-12\" alt=\"Fundacja Instytut Wsparcia Cz\u0142owieka\" srcset=\"https:\/\/fiwc.pl\/wp-content\/uploads\/2024\/03\/\u0424\u043e\u0442\u043e.png 600w, https:\/\/fiwc.pl\/wp-content\/uploads\/2024\/03\/\u0424\u043e\u0442\u043e-300x270.png 300w\" sizes=\"(max-width: 600px) 100vw, 600px\" \/>\t\t\t\t\t\t\t\t\t\t\t\t\t<\/div>\n\t\t\t\t<\/div>\n\t\t\t\t<\/div>\n\t\t\t\t<div class=\"elementor-element elementor-element-b961fba elementor-widget__width-inherit elementor-widget elementor-widget-text-editor\" data-id=\"b961fba\" data-element_type=\"widget\" data-widget_type=\"text-editor.default\">\n\t\t\t\t<div class=\"elementor-widget-container\">\n\t\t\t<style>\/*! elementor - v3.20.0 - 20-03-2024 *\/\n.elementor-widget-text-editor.elementor-drop-cap-view-stacked .elementor-drop-cap{background-color:#69727d;color:#fff}.elementor-widget-text-editor.elementor-drop-cap-view-framed .elementor-drop-cap{color:#69727d;border:3px solid;background-color:transparent}.elementor-widget-text-editor:not(.elementor-drop-cap-view-default) .elementor-drop-cap{margin-top:8px}.elementor-widget-text-editor:not(.elementor-drop-cap-view-default) .elementor-drop-cap-letter{width:1em;height:1em}.elementor-widget-text-editor .elementor-drop-cap{float:left;text-align:center;line-height:1;font-size:50px}.elementor-widget-text-editor .elementor-drop-cap-letter{display:inline-block}<\/style>\t\t\t\t<p>jest organizacj\u0105 pozarz\u0105dow\u0105, kt\u00f3rej celem jest kompleksowe wsparcie os\u00f3b znajduj\u0105cych si\u0119 w trudnej sytuacji \u017cyciowej. Konsultacje i szkolenia, webinaria <br \/>i konferencje tematyczne, wsp\u00f3lne projekty i szkolenia, rehabilitacja psychologiczna i fizyczna to zakresy naszej pracy w pomaganiu ludziom. Nasze dzia\u0142ania maj\u0105 na celu rozw\u00f3j jednostki, jej duchow\u0105 afirmacj\u0119, zdolno\u015b\u0107 do\u015bwiadczenia pe\u0142ni \u017cycia, owocnej pracy i bycia szcz\u0119\u015bliw\u0105.<\/p>\t\t\t\t\t\t<\/div>\n\t\t\t\t<\/div>\n\t\t\t\t<div class=\"elementor-element elementor-element-5248bca elementor-widget elementor-widget-button\" data-id=\"5248bca\" data-element_type=\"widget\" data-widget_type=\"button.default\">\n\t\t\t\t<div class=\"elementor-widget-container\">\n\t\t\t\t\t<div class=\"elementor-button-wrapper\">\n\t\t\t<a class=\"elementor-button elementor-button-link elementor-size-xs\" href=\"https:\/\/fiwc.pl\/?page_id=29\">\n\t\t\t\t\t\t<span class=\"elementor-button-content-wrapper\">\n\t\t\t\t\t\t<span class=\"elementor-button-text\">WI\u0118CEJ<\/span>\n\t\t<\/span>\n\t\t\t\t\t<\/a>\n\t\t<\/div>\n\t\t\t\t<\/div>\n\t\t\t\t<\/div>\n\t\t\t\t<\/div>\n\t\t<div class=\"elementor-element elementor-element-5004877 e-con-full elementor-hidden-tablet elementor-hidden-mobile e-flex e-con e-child\" data-id=\"5004877\" data-element_type=\"container\">\n\t\t\t\t<div class=\"elementor-element elementor-element-c07c2af elementor-widget__width-inherit elementor-widget elementor-widget-image\" data-id=\"c07c2af\" data-element_type=\"widget\" data-widget_type=\"image.default\">\n\t\t\t\t<div class=\"elementor-widget-container\">\n\t\t\t\t\t\t\t\t\t\t\t\t\t<img fetchpriority=\"high\" decoding=\"async\" width=\"600\" height=\"539\" src=\"https:\/\/fiwc.pl\/wp-content\/uploads\/2024\/03\/\u0424\u043e\u0442\u043e.png\" class=\"attachment-large size-large wp-image-12\" alt=\"Fundacja Instytut Wsparcia Cz\u0142owieka\" srcset=\"https:\/\/fiwc.pl\/wp-content\/uploads\/2024\/03\/\u0424\u043e\u0442\u043e.png 600w, https:\/\/fiwc.pl\/wp-content\/uploads\/2024\/03\/\u0424\u043e\u0442\u043e-300x270.png 300w\" sizes=\"(max-width: 600px) 100vw, 600px\" \/>\t\t\t\t\t\t\t\t\t\t\t\t\t<\/div>\n\t\t\t\t<\/div>\n\t\t\t\t<\/div>\n\t\t\t\t<\/div>\n\t\t\t\t<\/div>\n\t\t","protected":false},"excerpt":{"rendered":"<p>GL\u00d3WNA Fundacja Instytut Wsparcia Cz\u0142owieka jest organizacj\u0105 pozarz\u0105dow\u0105, kt\u00f3rej celem jest kompleksowe wsparcie os\u00f3b znajduj\u0105cych si\u0119 w trudnej sytuacji \u017cyciowej. Konsultacje i szkolenia, webinaria i konferencje tematyczne, wsp\u00f3lne projekty i szkolenia, rehabilitacja psychologiczna i fizyczna to zakresy naszej pracy w pomaganiu ludziom. Nasze dzia\u0142ania maj\u0105 na celu rozw\u00f3j jednostki, jej duchow\u0105 afirmacj\u0119, zdolno\u015b\u0107 do\u015bwiadczenia pe\u0142ni &#8230; <a title=\"GL\u00d3WNA\" class=\"read-more\" href=\"https:\/\/fiwc.pl\/\" aria-label=\"Read more about GL\u00d3WNA\">\u0427\u0438\u0442\u0430\u0442\u044c \u0434\u0430\u043b\u0435\u0435<\/a><\/p>\n","protected":false},"author":1,"featured_media":0,"parent":0,"menu_order":0,"comment_status":"closed","ping_status":"closed","template":"","meta":{"footnotes":""},"class_list":["post-10","page","type-page","status-publish"],"_links":{"self":[{"href":"https:\/\/fiwc.pl\/index.php?rest_route=\/wp\/v2\/pages\/10","targetHints":{"allow":["GET"]}}],"collection":[{"href":"https:\/\/fiwc.pl\/index.php?rest_route=\/wp\/v2\/pages"}],"about":[{"href":"https:\/\/fiwc.pl\/index.php?rest_route=\/wp\/v2\/types\/page"}],"author":[{"embeddable":true,"href":"https:\/\/fiwc.pl\/index.php?rest_route=\/wp\/v2\/users\/1"}],"replies":[{"embeddable":true,"href":"https:\/\/fiwc.pl\/index.php?rest_route=%2Fwp%2Fv2%2Fcomments&post=10"}],"version-history":[{"count":31,"href":"https:\/\/fiwc.pl\/index.php?rest_route=\/wp\/v2\/pages\/10\/revisions"}],"predecessor-version":[{"id":758,"href":"https:\/\/fiwc.pl\/index.php?rest_route=\/wp\/v2\/pages\/10\/revisions\/758"}],"wp:attachment":[{"href":"https:\/\/fiwc.pl\/index.php?rest_route=%2Fwp%2Fv2%2Fmedia&parent=10"}],"curies":[{"name":"wp","href":"https:\/\/api.w.org\/{rel}","templated":true}]}}