{"id":1748,"date":"2024-12-22T13:55:55","date_gmt":"2024-12-22T12:55:55","guid":{"rendered":"https:\/\/fiwc.pl\/?page_id=1748"},"modified":"2024-12-22T14:04:52","modified_gmt":"2024-12-22T13:04:52","slug":"10122024-2","status":"publish","type":"page","link":"https:\/\/fiwc.pl\/?page_id=1748","title":{"rendered":"10,12,2024"},"content":{"rendered":"\t\t<div data-elementor-type=\"wp-page\" data-elementor-id=\"1748\" class=\"elementor elementor-1748\">\n\t\t\t\t<div class=\"elementor-element elementor-element-b9ec6a8 e-con-full e-flex e-con e-parent\" data-id=\"b9ec6a8\" data-element_type=\"container\" data-core-v316-plus=\"true\">\n\t\t\t\t<div class=\"elementor-element elementor-element-01e3bc0 elementor-widget elementor-widget-heading\" data-id=\"01e3bc0\" data-element_type=\"widget\" data-widget_type=\"heading.default\">\n\t\t\t\t<div class=\"elementor-widget-container\">\n\t\t\t<style>\/*! elementor - v3.20.0 - 20-03-2024 *\/\n.elementor-heading-title{padding:0;margin:0;line-height:1}.elementor-widget-heading .elementor-heading-title[class*=elementor-size-]>a{color:inherit;font-size:inherit;line-height:inherit}.elementor-widget-heading .elementor-heading-title.elementor-size-small{font-size:15px}.elementor-widget-heading .elementor-heading-title.elementor-size-medium{font-size:19px}.elementor-widget-heading .elementor-heading-title.elementor-size-large{font-size:29px}.elementor-widget-heading .elementor-heading-title.elementor-size-xl{font-size:39px}.elementor-widget-heading .elementor-heading-title.elementor-size-xxl{font-size:59px}<\/style><h2 class=\"elementor-heading-title elementor-size-default\">W ramach Memorandum o wsp\u00f3\u0142pracy z Pa\u0144stwowym Uniwersytetem im. Mychaj\u0142a Dragomanowa (Kij\u00f3w, Ukraina) zorganizowali\u015bmy i przeprowadzili\u015bmy cykl spotka\u0144 z wiod\u0105cymi organizacjami edukacyjnymi, pozarz\u0105dowymi i spo\u0142ecznymi w Polsce.\n<br\/>\nGo\u015bcie z Ukrainy odwiedzili:\n<br\/>\nCentrum Skutecznej Komunikacji,<br\/>\nFundacj\u0119 Mi\u0119dzynarodowy Ruch <br\/>Lataj\u0105cych Plecaczk\u00f3w \/ Flying Bag,<br\/>\nFundacj\u0119 Education Center Children of Ukraine,<br\/>\nNiepubliczn\u0105 Szko\u0142\u0119 PUSH School Warsaw,\nUA HUB,<br\/>\nActive School Prywatn\u0105 Szko\u0142\u0119 Podstawow\u0105.<br\/>\nGo\u015bcie zapoznali si\u0119 ze struktur\u0105, specyfik\u0105 dzia\u0142alno\u015bci, histori\u0105 oraz planami tych organizacji.<br\/>\nDo\u015bwiadczenie i wiedza zdobyte podczas wizyty z pewno\u015bci\u0105 przyczyni\u0105 si\u0119 do rozwoju naszej wsp\u00f3lnej pracy.<\/h2>\t\t<\/div>\n\t\t\t\t<\/div>\n\t\t\t\t<div class=\"elementor-element elementor-element-c64710f elementor-widget elementor-widget-text-editor\" data-id=\"c64710f\" data-element_type=\"widget\" data-widget_type=\"text-editor.default\">\n\t\t\t\t<div class=\"elementor-widget-container\">\n\t\t\t<style>\/*! elementor - v3.20.0 - 20-03-2024 *\/\n.elementor-widget-text-editor.elementor-drop-cap-view-stacked .elementor-drop-cap{background-color:#69727d;color:#fff}.elementor-widget-text-editor.elementor-drop-cap-view-framed .elementor-drop-cap{color:#69727d;border:3px solid;background-color:transparent}.elementor-widget-text-editor:not(.elementor-drop-cap-view-default) .elementor-drop-cap{margin-top:8px}.elementor-widget-text-editor:not(.elementor-drop-cap-view-default) .elementor-drop-cap-letter{width:1em;height:1em}.elementor-widget-text-editor .elementor-drop-cap{float:left;text-align:center;line-height:1;font-size:50px}.elementor-widget-text-editor .elementor-drop-cap-letter{display:inline-block}<\/style>\t\t\t\t<p>Data: 10.12.2024<\/p><p>Miejsce wydarzenia: Warszawa<\/p>\t\t\t\t\t\t<\/div>\n\t\t\t\t<\/div>\n\t\t\t\t<div class=\"elementor-element elementor-element-e8c0385 elementor-arrows-position-inside elementor-pagination-position-outside elementor-widget elementor-widget-image-carousel\" data-id=\"e8c0385\" data-element_type=\"widget\" data-settings=\"{&quot;slides_to_show&quot;:&quot;4&quot;,&quot;image_spacing_custom&quot;:{&quot;unit&quot;:&quot;px&quot;,&quot;size&quot;:0,&quot;sizes&quot;:[]},&quot;navigation&quot;:&quot;both&quot;,&quot;autoplay&quot;:&quot;yes&quot;,&quot;pause_on_hover&quot;:&quot;yes&quot;,&quot;pause_on_interaction&quot;:&quot;yes&quot;,&quot;autoplay_speed&quot;:5000,&quot;infinite&quot;:&quot;yes&quot;,&quot;speed&quot;:500,&quot;image_spacing_custom_tablet&quot;:{&quot;unit&quot;:&quot;px&quot;,&quot;size&quot;:&quot;&quot;,&quot;sizes&quot;:[]},&quot;image_spacing_custom_mobile&quot;:{&quot;unit&quot;:&quot;px&quot;,&quot;size&quot;:&quot;&quot;,&quot;sizes&quot;:[]}}\" data-widget_type=\"image-carousel.default\">\n\t\t\t\t<div class=\"elementor-widget-container\">\n\t\t\t<style>\/*! elementor - v3.20.0 - 20-03-2024 *\/\n.elementor-widget-image-carousel .swiper,.elementor-widget-image-carousel .swiper-container{position:static}.elementor-widget-image-carousel .swiper-container .swiper-slide figure,.elementor-widget-image-carousel .swiper .swiper-slide figure{line-height:inherit}.elementor-widget-image-carousel .swiper-slide{text-align:center}.elementor-image-carousel-wrapper:not(.swiper-container-initialized):not(.swiper-initialized) .swiper-slide{max-width:calc(100% \/ var(--e-image-carousel-slides-to-show, 3))}<\/style>\t\t<div class=\"elementor-image-carousel-wrapper swiper\" dir=\"ltr\">\n\t\t\t<div class=\"elementor-image-carousel swiper-wrapper\" aria-live=\"off\">\n\t\t\t\t\t\t\t\t<div class=\"swiper-slide\" role=\"group\" aria-roledescription=\"slide\" aria-label=\"1 \u0438\u0437 14\"><figure class=\"swiper-slide-inner\"><img decoding=\"async\" class=\"swiper-slide-image\" src=\"https:\/\/fiwc.pl\/wp-content\/uploads\/2024\/12\/IMG_20241207_104426-scaled.jpg\" alt=\"IMG_20241207_104426\" \/><\/figure><\/div><div class=\"swiper-slide\" role=\"group\" aria-roledescription=\"slide\" aria-label=\"2 \u0438\u0437 14\"><figure class=\"swiper-slide-inner\"><img decoding=\"async\" class=\"swiper-slide-image\" src=\"https:\/\/fiwc.pl\/wp-content\/uploads\/2024\/12\/IMG_20241207_104816-scaled.jpg\" alt=\"IMG_20241207_104816\" \/><\/figure><\/div><div class=\"swiper-slide\" role=\"group\" aria-roledescription=\"slide\" aria-label=\"3 \u0438\u0437 14\"><figure class=\"swiper-slide-inner\"><img decoding=\"async\" class=\"swiper-slide-image\" src=\"https:\/\/fiwc.pl\/wp-content\/uploads\/2024\/12\/IMG_20241207_104828-scaled.jpg\" alt=\"IMG_20241207_104828\" \/><\/figure><\/div><div class=\"swiper-slide\" role=\"group\" aria-roledescription=\"slide\" aria-label=\"4 \u0438\u0437 14\"><figure class=\"swiper-slide-inner\"><img decoding=\"async\" class=\"swiper-slide-image\" src=\"https:\/\/fiwc.pl\/wp-content\/uploads\/2024\/12\/IMG_20241207_104847-scaled.jpg\" alt=\"IMG_20241207_104847\" \/><\/figure><\/div><div class=\"swiper-slide\" role=\"group\" aria-roledescription=\"slide\" aria-label=\"5 \u0438\u0437 14\"><figure class=\"swiper-slide-inner\"><img decoding=\"async\" class=\"swiper-slide-image\" src=\"https:\/\/fiwc.pl\/wp-content\/uploads\/2024\/12\/IMG_20241207_104849-scaled.jpg\" alt=\"IMG_20241207_104849\" \/><\/figure><\/div><div class=\"swiper-slide\" role=\"group\" aria-roledescription=\"slide\" aria-label=\"6 \u0438\u0437 14\"><figure class=\"swiper-slide-inner\"><img decoding=\"async\" class=\"swiper-slide-image\" src=\"https:\/\/fiwc.pl\/wp-content\/uploads\/2024\/12\/IMG_20241207_110403-scaled.jpg\" alt=\"IMG_20241207_110403\" \/><\/figure><\/div><div class=\"swiper-slide\" role=\"group\" aria-roledescription=\"slide\" aria-label=\"7 \u0438\u0437 14\"><figure class=\"swiper-slide-inner\"><img decoding=\"async\" class=\"swiper-slide-image\" src=\"https:\/\/fiwc.pl\/wp-content\/uploads\/2024\/12\/IMG_20241207_131504-scaled.jpg\" alt=\"IMG_20241207_131504\" \/><\/figure><\/div><div class=\"swiper-slide\" role=\"group\" aria-roledescription=\"slide\" aria-label=\"8 \u0438\u0437 14\"><figure class=\"swiper-slide-inner\"><img decoding=\"async\" class=\"swiper-slide-image\" src=\"https:\/\/fiwc.pl\/wp-content\/uploads\/2024\/12\/IMG_20241207_131515-scaled.jpg\" alt=\"IMG_20241207_131515\" \/><\/figure><\/div><div class=\"swiper-slide\" role=\"group\" aria-roledescription=\"slide\" aria-label=\"9 \u0438\u0437 14\"><figure class=\"swiper-slide-inner\"><img decoding=\"async\" class=\"swiper-slide-image\" src=\"https:\/\/fiwc.pl\/wp-content\/uploads\/2024\/12\/Messenger_creation_6D99DBBB-2630-4DCD-9B0F-D2C471F7F430.jpeg\" alt=\"Messenger_creation_6D99DBBB-2630-4DCD-9B0F-D2C471F7F430\" \/><\/figure><\/div><div class=\"swiper-slide\" role=\"group\" aria-roledescription=\"slide\" aria-label=\"10 \u0438\u0437 14\"><figure class=\"swiper-slide-inner\"><img decoding=\"async\" class=\"swiper-slide-image\" src=\"https:\/\/fiwc.pl\/wp-content\/uploads\/2024\/12\/Messenger_creation_6EDBA7B8-3758-48ED-BD5E-0D38E9F8B676-scaled.jpeg\" alt=\"Messenger_creation_6EDBA7B8-3758-48ED-BD5E-0D38E9F8B676\" \/><\/figure><\/div><div class=\"swiper-slide\" role=\"group\" aria-roledescription=\"slide\" aria-label=\"11 \u0438\u0437 14\"><figure class=\"swiper-slide-inner\"><img decoding=\"async\" class=\"swiper-slide-image\" src=\"https:\/\/fiwc.pl\/wp-content\/uploads\/2024\/12\/Messenger_creation_0124ACCD-0391-40F7-9FF2-BFB48DD9C307.jpeg\" alt=\"Messenger_creation_0124ACCD-0391-40F7-9FF2-BFB48DD9C307\" \/><\/figure><\/div><div class=\"swiper-slide\" role=\"group\" aria-roledescription=\"slide\" aria-label=\"12 \u0438\u0437 14\"><figure class=\"swiper-slide-inner\"><img decoding=\"async\" class=\"swiper-slide-image\" src=\"https:\/\/fiwc.pl\/wp-content\/uploads\/2024\/12\/Messenger_creation_332AEBC1-E203-404C-AF74-B8C05567FFF4-scaled.jpeg\" alt=\"Messenger_creation_332AEBC1-E203-404C-AF74-B8C05567FFF4\" \/><\/figure><\/div><div class=\"swiper-slide\" role=\"group\" aria-roledescription=\"slide\" aria-label=\"13 \u0438\u0437 14\"><figure class=\"swiper-slide-inner\"><img decoding=\"async\" class=\"swiper-slide-image\" src=\"https:\/\/fiwc.pl\/wp-content\/uploads\/2024\/12\/Messenger_creation_A4EA26E5-92A8-4EB9-A28E-4C7FE376690C-scaled.jpg\" alt=\"Messenger_creation_A4EA26E5-92A8-4EB9-A28E-4C7FE376690C\" \/><\/figure><\/div><div class=\"swiper-slide\" role=\"group\" aria-roledescription=\"slide\" aria-label=\"14 \u0438\u0437 14\"><figure class=\"swiper-slide-inner\"><img decoding=\"async\" class=\"swiper-slide-image\" src=\"https:\/\/fiwc.pl\/wp-content\/uploads\/2024\/12\/Messenger_creation_E9231B75-115B-4543-A5D7-207AD19FE81B.jpeg\" alt=\"Messenger_creation_E9231B75-115B-4543-A5D7-207AD19FE81B\" \/><\/figure><\/div>\t\t\t<\/div>\n\t\t\t\t\t\t\t\t\t\t\t\t<div class=\"elementor-swiper-button elementor-swiper-button-prev\" role=\"button\" tabindex=\"0\">\n\t\t\t\t\t\t<svg aria-hidden=\"true\" class=\"e-font-icon-svg e-eicon-chevron-left\" viewBox=\"0 0 1000 1000\" xmlns=\"http:\/\/www.w3.org\/2000\/svg\"><path d=\"M646 125C629 125 613 133 604 142L308 442C296 454 292 471 292 487 292 504 296 521 308 533L604 854C617 867 629 875 646 875 663 875 679 871 692 858 704 846 713 829 713 812 713 796 708 779 692 767L438 487 692 225C700 217 708 204 708 187 708 171 704 154 692 142 675 129 663 125 646 125Z\"><\/path><\/svg>\t\t\t\t\t<\/div>\n\t\t\t\t\t<div class=\"elementor-swiper-button elementor-swiper-button-next\" role=\"button\" tabindex=\"0\">\n\t\t\t\t\t\t<svg aria-hidden=\"true\" class=\"e-font-icon-svg e-eicon-chevron-right\" viewBox=\"0 0 1000 1000\" xmlns=\"http:\/\/www.w3.org\/2000\/svg\"><path d=\"M696 533C708 521 713 504 713 487 713 471 708 454 696 446L400 146C388 133 375 125 354 125 338 125 325 129 313 142 300 154 292 171 292 187 292 204 296 221 308 233L563 492 304 771C292 783 288 800 288 817 288 833 296 850 308 863 321 871 338 875 354 875 371 875 388 867 400 854L696 533Z\"><\/path><\/svg>\t\t\t\t\t<\/div>\n\t\t\t\t\n\t\t\t\t\t\t\t\t\t<div class=\"swiper-pagination\"><\/div>\n\t\t\t\t\t\t\t\t\t<\/div>\n\t\t\t\t<\/div>\n\t\t\t\t<\/div>\n\t\t\t\t<\/div>\n\t\t\t\t<\/div>\n\t\t","protected":false},"excerpt":{"rendered":"<p>W ramach Memorandum o wsp\u00f3\u0142pracy z Pa\u0144stwowym Uniwersytetem im. Mychaj\u0142a Dragomanowa (Kij\u00f3w, Ukraina) zorganizowali\u015bmy i przeprowadzili\u015bmy cykl spotka\u0144 z wiod\u0105cymi organizacjami edukacyjnymi, pozarz\u0105dowymi i spo\u0142ecznymi w Polsce. Go\u015bcie z Ukrainy odwiedzili: Centrum Skutecznej Komunikacji, Fundacj\u0119 Mi\u0119dzynarodowy Ruch Lataj\u0105cych Plecaczk\u00f3w \/ Flying Bag, Fundacj\u0119 Education Center Children of Ukraine, Niepubliczn\u0105 Szko\u0142\u0119 PUSH School Warsaw, UA HUB, &#8230; <a title=\"10,12,2024\" class=\"read-more\" href=\"https:\/\/fiwc.pl\/?page_id=1748\" aria-label=\"Read more about 10,12,2024\">\u0427\u0438\u0442\u0430\u0442\u044c \u0434\u0430\u043b\u0435\u0435<\/a><\/p>\n","protected":false},"author":1,"featured_media":0,"parent":0,"menu_order":0,"comment_status":"closed","ping_status":"closed","template":"","meta":{"footnotes":""},"class_list":["post-1748","page","type-page","status-publish"],"_links":{"self":[{"href":"https:\/\/fiwc.pl\/index.php?rest_route=\/wp\/v2\/pages\/1748","targetHints":{"allow":["GET"]}}],"collection":[{"href":"https:\/\/fiwc.pl\/index.php?rest_route=\/wp\/v2\/pages"}],"about":[{"href":"https:\/\/fiwc.pl\/index.php?rest_route=\/wp\/v2\/types\/page"}],"author":[{"embeddable":true,"href":"https:\/\/fiwc.pl\/index.php?rest_route=\/wp\/v2\/users\/1"}],"replies":[{"embeddable":true,"href":"https:\/\/fiwc.pl\/index.php?rest_route=%2Fwp%2Fv2%2Fcomments&post=1748"}],"version-history":[{"count":7,"href":"https:\/\/fiwc.pl\/index.php?rest_route=\/wp\/v2\/pages\/1748\/revisions"}],"predecessor-version":[{"id":1785,"href":"https:\/\/fiwc.pl\/index.php?rest_route=\/wp\/v2\/pages\/1748\/revisions\/1785"}],"wp:attachment":[{"href":"https:\/\/fiwc.pl\/index.php?rest_route=%2Fwp%2Fv2%2Fmedia&parent=1748"}],"curies":[{"name":"wp","href":"https:\/\/api.w.org\/{rel}","templated":true}]}}